{"id":1857,"date":"2025-01-21T13:18:25","date_gmt":"2025-01-21T12:18:25","guid":{"rendered":"https:\/\/panrest.com\/izumisushigaleriamokotow\/?post_type=product&#038;p=1857"},"modified":"2025-08-27T09:49:42","modified_gmt":"2025-08-27T07:49:42","slug":"kabayaki-set-24-szt-24-pcs","status":"publish","type":"product","link":"https:\/\/panrest.com\/izumisushigaleriamokotow\/produkt\/kabayaki-set-24-szt-24-pcs\/","title":{"rendered":"Kabayaki set 24 szt. \/ 24 pcs"},"content":{"rendered":"<p>Opis:<br \/>\n6 maki krewetka w tempurze<br \/>\n6 maki pieczony \u0142oso\u015b<br \/>\n6 maki pieczona ryba ma\u015blana<br \/>\n6 maki pieczony kurczak<\/p>\n","protected":false},"excerpt":{"rendered":"<p>Opis: 6 maki krewetka w tempurze 6 maki pieczony \u0142oso\u015b 6 maki pieczona ryba ma\u015blana 6 maki pieczony kurczak<\/p>\n","protected":false},"featured_media":1905,"template":"","meta":{"_acf_changed":false},"product_brand":[],"product_cat":[29],"product_tag":[],"class_list":{"0":"post-1857","1":"product","2":"type-product","3":"status-publish","4":"has-post-thumbnail","6":"product_cat-zestawy-sushi","8":"first","9":"instock","10":"purchasable","11":"product-type-simple"},"acf":[],"_links":{"self":[{"href":"https:\/\/panrest.com\/izumisushigaleriamokotow\/wp-json\/wp\/v2\/product\/1857","targetHints":{"allow":["GET"]}}],"collection":[{"href":"https:\/\/panrest.com\/izumisushigaleriamokotow\/wp-json\/wp\/v2\/product"}],"about":[{"href":"https:\/\/panrest.com\/izumisushigaleriamokotow\/wp-json\/wp\/v2\/types\/product"}],"wp:featuredmedia":[{"embeddable":true,"href":"https:\/\/panrest.com\/izumisushigaleriamokotow\/wp-json\/wp\/v2\/media\/1905"}],"wp:attachment":[{"href":"https:\/\/panrest.com\/izumisushigaleriamokotow\/wp-json\/wp\/v2\/media?parent=1857"}],"wp:term":[{"taxonomy":"product_brand","embeddable":true,"href":"https:\/\/panrest.com\/izumisushigaleriamokotow\/wp-json\/wp\/v2\/product_brand?post=1857"},{"taxonomy":"product_cat","embeddable":true,"href":"https:\/\/panrest.com\/izumisushigaleriamokotow\/wp-json\/wp\/v2\/product_cat?post=1857"},{"taxonomy":"product_tag","embeddable":true,"href":"https:\/\/panrest.com\/izumisushigaleriamokotow\/wp-json\/wp\/v2\/product_tag?post=1857"}],"curies":[{"name":"wp","href":"https:\/\/api.w.org\/{rel}","templated":true}]}}