{"id":1847,"date":"2025-01-21T13:18:00","date_gmt":"2025-01-21T12:18:00","guid":{"rendered":"https:\/\/panrest.com\/izumisushigaleriamokotow\/?post_type=product&#038;p=1847"},"modified":"2025-08-27T09:49:52","modified_gmt":"2025-08-27T07:49:52","slug":"ichiban-set-17-szt-17-pcs","status":"publish","type":"product","link":"https:\/\/panrest.com\/izumisushigaleriamokotow\/produkt\/ichiban-set-17-szt-17-pcs\/","title":{"rendered":"Ichiban set 17 szt. \/ 17 pcs"},"content":{"rendered":"<p>Opis:<br \/>\n1 nigiri \u0142oso\u015b<br \/>\n1 nigiri tu\u0144czyk<br \/>\n1 nigiri ryba ma\u015blana<br \/>\n1 nigiri halibut<br \/>\n1 nigiri tamago<br \/>\n3 hosomaki \u0142oso\u015b<br \/>\n3 hosomaki og\u00f3rek<br \/>\n6 futomaki pieczony \u0142oso\u015b<\/p>\n","protected":false},"excerpt":{"rendered":"<p>Opis: 1 nigiri \u0142oso\u015b 1 nigiri tu\u0144czyk 1 nigiri ryba ma\u015blana 1 nigiri halibut 1 nigiri tamago 3 hosomaki \u0142oso\u015b 3 hosomaki og\u00f3rek 6 futomaki pieczony \u0142oso\u015b<\/p>\n","protected":false},"featured_media":1902,"template":"","meta":{"_acf_changed":false},"product_brand":[],"product_cat":[29],"product_tag":[],"class_list":{"0":"post-1847","1":"product","2":"type-product","3":"status-publish","4":"has-post-thumbnail","6":"product_cat-zestawy-sushi","8":"first","9":"instock","10":"purchasable","11":"product-type-simple"},"acf":[],"_links":{"self":[{"href":"https:\/\/panrest.com\/izumisushigaleriamokotow\/wp-json\/wp\/v2\/product\/1847","targetHints":{"allow":["GET"]}}],"collection":[{"href":"https:\/\/panrest.com\/izumisushigaleriamokotow\/wp-json\/wp\/v2\/product"}],"about":[{"href":"https:\/\/panrest.com\/izumisushigaleriamokotow\/wp-json\/wp\/v2\/types\/product"}],"wp:featuredmedia":[{"embeddable":true,"href":"https:\/\/panrest.com\/izumisushigaleriamokotow\/wp-json\/wp\/v2\/media\/1902"}],"wp:attachment":[{"href":"https:\/\/panrest.com\/izumisushigaleriamokotow\/wp-json\/wp\/v2\/media?parent=1847"}],"wp:term":[{"taxonomy":"product_brand","embeddable":true,"href":"https:\/\/panrest.com\/izumisushigaleriamokotow\/wp-json\/wp\/v2\/product_brand?post=1847"},{"taxonomy":"product_cat","embeddable":true,"href":"https:\/\/panrest.com\/izumisushigaleriamokotow\/wp-json\/wp\/v2\/product_cat?post=1847"},{"taxonomy":"product_tag","embeddable":true,"href":"https:\/\/panrest.com\/izumisushigaleriamokotow\/wp-json\/wp\/v2\/product_tag?post=1847"}],"curies":[{"name":"wp","href":"https:\/\/api.w.org\/{rel}","templated":true}]}}