{"id":1833,"date":"2025-01-21T13:17:31","date_gmt":"2025-01-21T12:17:31","guid":{"rendered":"https:\/\/panrest.com\/izumisushigaleriamokotow\/?post_type=product&#038;p=1833"},"modified":"2025-08-27T09:50:24","modified_gmt":"2025-08-27T07:50:24","slug":"losos-przypiekany-lutlampa-z-wodorostami-i-kawiorem-z-lososia-na-wierzchu-5-szt","status":"publish","type":"product","link":"https:\/\/panrest.com\/izumisushigaleriamokotow\/produkt\/losos-przypiekany-lutlampa-z-wodorostami-i-kawiorem-z-lososia-na-wierzchu-5-szt\/","title":{"rendered":"\u0141oso\u015b przypiekany lutlamp\u0105 z wodorostami i kawiorem z \u0142ososia na wierzchu (5 szt.)"},"content":{"rendered":"<p>Salmon grilled with burner &amp; seaweed, salmon caviar on top (5 pcs)<\/p>\n","protected":false},"excerpt":{"rendered":"<p>Salmon grilled with burner &amp; seaweed, salmon caviar on top (5 pcs)<\/p>\n","protected":false},"featured_media":1884,"template":"","meta":{"_acf_changed":false},"product_brand":[],"product_cat":[28],"product_tag":[],"class_list":{"0":"post-1833","1":"product","2":"type-product","3":"status-publish","4":"has-post-thumbnail","6":"product_cat-california-uramaki","8":"first","9":"instock","10":"purchasable","11":"product-type-simple"},"acf":[],"_links":{"self":[{"href":"https:\/\/panrest.com\/izumisushigaleriamokotow\/wp-json\/wp\/v2\/product\/1833","targetHints":{"allow":["GET"]}}],"collection":[{"href":"https:\/\/panrest.com\/izumisushigaleriamokotow\/wp-json\/wp\/v2\/product"}],"about":[{"href":"https:\/\/panrest.com\/izumisushigaleriamokotow\/wp-json\/wp\/v2\/types\/product"}],"wp:featuredmedia":[{"embeddable":true,"href":"https:\/\/panrest.com\/izumisushigaleriamokotow\/wp-json\/wp\/v2\/media\/1884"}],"wp:attachment":[{"href":"https:\/\/panrest.com\/izumisushigaleriamokotow\/wp-json\/wp\/v2\/media?parent=1833"}],"wp:term":[{"taxonomy":"product_brand","embeddable":true,"href":"https:\/\/panrest.com\/izumisushigaleriamokotow\/wp-json\/wp\/v2\/product_brand?post=1833"},{"taxonomy":"product_cat","embeddable":true,"href":"https:\/\/panrest.com\/izumisushigaleriamokotow\/wp-json\/wp\/v2\/product_cat?post=1833"},{"taxonomy":"product_tag","embeddable":true,"href":"https:\/\/panrest.com\/izumisushigaleriamokotow\/wp-json\/wp\/v2\/product_tag?post=1833"}],"curies":[{"name":"wp","href":"https:\/\/api.w.org\/{rel}","templated":true}]}}