{"id":1832,"date":"2025-01-21T13:17:30","date_gmt":"2025-01-21T12:17:30","guid":{"rendered":"https:\/\/panrest.com\/izumisushigaleriamokotow\/?post_type=product&#038;p=1832"},"modified":"2025-08-27T09:50:34","modified_gmt":"2025-08-27T07:50:34","slug":"dragon-maki-pieczony-losos-zawijany-w-wegorza-i-awokado-5-szt","status":"publish","type":"product","link":"https:\/\/panrest.com\/izumisushigaleriamokotow\/produkt\/dragon-maki-pieczony-losos-zawijany-w-wegorza-i-awokado-5-szt\/","title":{"rendered":"Dragon maki &#8211; pieczony \u0142oso\u015b zawijany w w\u0119gorza i awokado (5 szt.)"},"content":{"rendered":"<p>Dragon maki &#8211; baked salmon wrapped in eel &amp; avocado (5 pcs)<\/p>\n","protected":false},"excerpt":{"rendered":"<p>Dragon maki &#8211; baked salmon wrapped in eel &amp; avocado (5 pcs)<\/p>\n","protected":false},"featured_media":1883,"template":"","meta":{"_acf_changed":false},"product_brand":[],"product_cat":[28],"product_tag":[],"class_list":{"0":"post-1832","1":"product","2":"type-product","3":"status-publish","4":"has-post-thumbnail","6":"product_cat-california-uramaki","8":"first","9":"instock","10":"purchasable","11":"product-type-simple"},"acf":[],"_links":{"self":[{"href":"https:\/\/panrest.com\/izumisushigaleriamokotow\/wp-json\/wp\/v2\/product\/1832","targetHints":{"allow":["GET"]}}],"collection":[{"href":"https:\/\/panrest.com\/izumisushigaleriamokotow\/wp-json\/wp\/v2\/product"}],"about":[{"href":"https:\/\/panrest.com\/izumisushigaleriamokotow\/wp-json\/wp\/v2\/types\/product"}],"wp:featuredmedia":[{"embeddable":true,"href":"https:\/\/panrest.com\/izumisushigaleriamokotow\/wp-json\/wp\/v2\/media\/1883"}],"wp:attachment":[{"href":"https:\/\/panrest.com\/izumisushigaleriamokotow\/wp-json\/wp\/v2\/media?parent=1832"}],"wp:term":[{"taxonomy":"product_brand","embeddable":true,"href":"https:\/\/panrest.com\/izumisushigaleriamokotow\/wp-json\/wp\/v2\/product_brand?post=1832"},{"taxonomy":"product_cat","embeddable":true,"href":"https:\/\/panrest.com\/izumisushigaleriamokotow\/wp-json\/wp\/v2\/product_cat?post=1832"},{"taxonomy":"product_tag","embeddable":true,"href":"https:\/\/panrest.com\/izumisushigaleriamokotow\/wp-json\/wp\/v2\/product_tag?post=1832"}],"curies":[{"name":"wp","href":"https:\/\/api.w.org\/{rel}","templated":true}]}}