{"id":1706,"date":"2025-01-21T13:13:29","date_gmt":"2025-01-21T12:13:29","guid":{"rendered":"https:\/\/panrest.com\/izumisushigaleriamokotow\/?post_type=product&#038;p=1706"},"modified":"2025-08-27T09:49:47","modified_gmt":"2025-08-27T07:49:47","slug":"unagi-don-wegorz-po-japonsku-na-ryzu","status":"publish","type":"product","link":"https:\/\/panrest.com\/izumisushigaleriamokotow\/produkt\/unagi-don-wegorz-po-japonsku-na-ryzu\/","title":{"rendered":"Unagi don \u2013 w\u0119gorz po japo\u0144sku na ry\u017cu"},"content":{"rendered":"<p>Japanese style eel on rice<\/p>\n","protected":false},"excerpt":{"rendered":"<p>Japanese style eel on rice<\/p>\n","protected":false},"featured_media":1760,"template":"","meta":{"_acf_changed":false},"product_brand":[],"product_cat":[30],"product_tag":[],"class_list":{"0":"post-1706","1":"product","2":"type-product","3":"status-publish","4":"has-post-thumbnail","6":"product_cat-dania-glowne","8":"first","9":"instock","10":"purchasable","11":"product-type-simple"},"acf":[],"_links":{"self":[{"href":"https:\/\/panrest.com\/izumisushigaleriamokotow\/wp-json\/wp\/v2\/product\/1706","targetHints":{"allow":["GET"]}}],"collection":[{"href":"https:\/\/panrest.com\/izumisushigaleriamokotow\/wp-json\/wp\/v2\/product"}],"about":[{"href":"https:\/\/panrest.com\/izumisushigaleriamokotow\/wp-json\/wp\/v2\/types\/product"}],"wp:featuredmedia":[{"embeddable":true,"href":"https:\/\/panrest.com\/izumisushigaleriamokotow\/wp-json\/wp\/v2\/media\/1760"}],"wp:attachment":[{"href":"https:\/\/panrest.com\/izumisushigaleriamokotow\/wp-json\/wp\/v2\/media?parent=1706"}],"wp:term":[{"taxonomy":"product_brand","embeddable":true,"href":"https:\/\/panrest.com\/izumisushigaleriamokotow\/wp-json\/wp\/v2\/product_brand?post=1706"},{"taxonomy":"product_cat","embeddable":true,"href":"https:\/\/panrest.com\/izumisushigaleriamokotow\/wp-json\/wp\/v2\/product_cat?post=1706"},{"taxonomy":"product_tag","embeddable":true,"href":"https:\/\/panrest.com\/izumisushigaleriamokotow\/wp-json\/wp\/v2\/product_tag?post=1706"}],"curies":[{"name":"wp","href":"https:\/\/api.w.org\/{rel}","templated":true}]}}