{"id":2170,"date":"2025-04-09T12:02:46","date_gmt":"2025-04-09T10:02:46","guid":{"rendered":"https:\/\/panrest.com\/izumi-sushi-plac-zbawiciela\/?post_type=product&#038;p=2170"},"modified":"2025-04-09T12:04:59","modified_gmt":"2025-04-09T10:04:59","slug":"take-sushi-set-27-szt-27-pcs","status":"publish","type":"product","link":"https:\/\/panrest.com\/izumi-sushi-plac-zbawiciela\/produkt\/take-sushi-set-27-szt-27-pcs\/","title":{"rendered":"TAKE SUSHI SET 27 SZT. \/ 27 PCS"},"content":{"rendered":"<p>&#8216;- 6 futomaki kaczka w tempurze z mango<br \/>\n&#8211; 6 futomaki dorada w tempurze<br \/>\n&#8211; 6 futomaki pieczony w\u0119gorz z tamago i kawiorem tobiko<br \/>\n&#8211; 6 futomaki chrupi\u0105cy \u0142oso\u015b panko w omlecie<br \/>\n&#8211; 5 California fusion warzywa owijane \u0142ososiem opalanym<\/p>\n","protected":false},"excerpt":{"rendered":"<p>&#8216;- 6 futomaki kaczka w tempurze z mango<br \/>\n&#8211; 6 futomaki dorada w tempurze<br \/>\n&#8211; 6 futomaki pieczony w\u0119gorz z tamago i kawiorem tobiko<br \/>\n&#8211; 6 futomaki chrupi\u0105cy \u0142oso\u015b panko w omlecie<br \/>\n&#8211; 5 California fusion warzywa owijane \u0142ososiem opalanym<\/p>\n","protected":false},"featured_media":2203,"template":"","meta":{"_acf_changed":false},"product_brand":[],"product_cat":[43],"product_tag":[],"class_list":{"0":"post-2170","1":"product","2":"type-product","3":"status-publish","4":"has-post-thumbnail","6":"product_cat-zestawy-sushi","8":"first","9":"instock","10":"shipping-taxable","11":"purchasable","12":"product-type-variable"},"acf":[],"_links":{"self":[{"href":"https:\/\/panrest.com\/izumi-sushi-plac-zbawiciela\/wp-json\/wp\/v2\/product\/2170","targetHints":{"allow":["GET"]}}],"collection":[{"href":"https:\/\/panrest.com\/izumi-sushi-plac-zbawiciela\/wp-json\/wp\/v2\/product"}],"about":[{"href":"https:\/\/panrest.com\/izumi-sushi-plac-zbawiciela\/wp-json\/wp\/v2\/types\/product"}],"wp:featuredmedia":[{"embeddable":true,"href":"https:\/\/panrest.com\/izumi-sushi-plac-zbawiciela\/wp-json\/wp\/v2\/media\/2203"}],"wp:attachment":[{"href":"https:\/\/panrest.com\/izumi-sushi-plac-zbawiciela\/wp-json\/wp\/v2\/media?parent=2170"}],"wp:term":[{"taxonomy":"product_brand","embeddable":true,"href":"https:\/\/panrest.com\/izumi-sushi-plac-zbawiciela\/wp-json\/wp\/v2\/product_brand?post=2170"},{"taxonomy":"product_cat","embeddable":true,"href":"https:\/\/panrest.com\/izumi-sushi-plac-zbawiciela\/wp-json\/wp\/v2\/product_cat?post=2170"},{"taxonomy":"product_tag","embeddable":true,"href":"https:\/\/panrest.com\/izumi-sushi-plac-zbawiciela\/wp-json\/wp\/v2\/product_tag?post=2170"}],"curies":[{"name":"wp","href":"https:\/\/api.w.org\/{rel}","templated":true}]}}