{"id":2169,"date":"2025-04-09T12:02:45","date_gmt":"2025-04-09T10:02:45","guid":{"rendered":"https:\/\/panrest.com\/izumi-sushi-plac-zbawiciela\/?post_type=product&#038;p=2169"},"modified":"2025-04-09T12:04:59","modified_gmt":"2025-04-09T10:04:59","slug":"matsu-sushi-set-31-szt-31-pcs","status":"publish","type":"product","link":"https:\/\/panrest.com\/izumi-sushi-plac-zbawiciela\/produkt\/matsu-sushi-set-31-szt-31-pcs\/","title":{"rendered":"MATSU SUSHI SET 31 SZT\/ 31 PCS"},"content":{"rendered":"<p>&#8216;- 6 nigiri: marynowany tu\u0144czyk, seriola z sosem mi\u0119towym, \u0142oso\u015b z trufl\u0105 i koperkiem<br \/>\n&#8211; 2 gunkan: kawioru zawijany w og\u00f3rek<br \/>\n&#8211; 6 futomaki sahimi mix ryb (tu\u0144czyk, \u0142oso\u015b , seriola)<br \/>\n&#8211; 6 futomaki pikantny tu\u0144czyk z porem<br \/>\n&#8211; California fusion dragon maki<\/p>\n","protected":false},"excerpt":{"rendered":"<p>&#8216;- 6 nigiri: marynowany tu\u0144czyk, seriola z sosem mi\u0119towym, \u0142oso\u015b z trufl\u0105 i koperkiem<br \/>\n&#8211; 2 gunkan: kawioru zawijany w og\u00f3rek<br \/>\n&#8211; 6 futomaki sahimi mix ryb (tu\u0144czyk, \u0142oso\u015b , seriola)<br \/>\n&#8211; 6 futomaki pikantny tu\u0144czyk z porem<br \/>\n&#8211; California fusion dragon maki<\/p>\n","protected":false},"featured_media":2203,"template":"","meta":{"_acf_changed":false},"product_brand":[],"product_cat":[43],"product_tag":[],"class_list":{"0":"post-2169","1":"product","2":"type-product","3":"status-publish","4":"has-post-thumbnail","6":"product_cat-zestawy-sushi","8":"first","9":"instock","10":"shipping-taxable","11":"purchasable","12":"product-type-variable"},"acf":[],"_links":{"self":[{"href":"https:\/\/panrest.com\/izumi-sushi-plac-zbawiciela\/wp-json\/wp\/v2\/product\/2169","targetHints":{"allow":["GET"]}}],"collection":[{"href":"https:\/\/panrest.com\/izumi-sushi-plac-zbawiciela\/wp-json\/wp\/v2\/product"}],"about":[{"href":"https:\/\/panrest.com\/izumi-sushi-plac-zbawiciela\/wp-json\/wp\/v2\/types\/product"}],"wp:featuredmedia":[{"embeddable":true,"href":"https:\/\/panrest.com\/izumi-sushi-plac-zbawiciela\/wp-json\/wp\/v2\/media\/2203"}],"wp:attachment":[{"href":"https:\/\/panrest.com\/izumi-sushi-plac-zbawiciela\/wp-json\/wp\/v2\/media?parent=2169"}],"wp:term":[{"taxonomy":"product_brand","embeddable":true,"href":"https:\/\/panrest.com\/izumi-sushi-plac-zbawiciela\/wp-json\/wp\/v2\/product_brand?post=2169"},{"taxonomy":"product_cat","embeddable":true,"href":"https:\/\/panrest.com\/izumi-sushi-plac-zbawiciela\/wp-json\/wp\/v2\/product_cat?post=2169"},{"taxonomy":"product_tag","embeddable":true,"href":"https:\/\/panrest.com\/izumi-sushi-plac-zbawiciela\/wp-json\/wp\/v2\/product_tag?post=2169"}],"curies":[{"name":"wp","href":"https:\/\/api.w.org\/{rel}","templated":true}]}}