{"id":2168,"date":"2025-04-09T12:02:44","date_gmt":"2025-04-09T10:02:44","guid":{"rendered":"https:\/\/panrest.com\/izumi-sushi-plac-zbawiciela\/?post_type=product&#038;p=2168"},"modified":"2025-04-09T12:04:59","modified_gmt":"2025-04-09T10:04:59","slug":"himawari-sushi-set-58-szt-58-pcs","status":"publish","type":"product","link":"https:\/\/panrest.com\/izumi-sushi-plac-zbawiciela\/produkt\/himawari-sushi-set-58-szt-58-pcs\/","title":{"rendered":"HIMAWARI SUSHI SET 58 SZT. \/ 58 PCS"},"content":{"rendered":"<p>&#8216;- 6 nigiri: seriola, dorada<br \/>\n&#8211; 6 gunkany; tatar z \u0142ososia, pikantna sa\u0142atka z tu\u0144czyka ii mango<br \/>\n&#8211; 6 futomaki tatar z tu\u0144czyka<br \/>\n&#8211; 6 futomaki w\u0119gorz w tempurze<br \/>\n&#8211; 6 futomaki pieczony \u0142oso\u015b z jalapeno<br \/>\n&#8211; 5 California fusion crazy maki<br \/>\n&#8211; 5 California fusion dragon maki<br \/>\n&#8211; 6 hosomaki z \u0142ososiem<br \/>\n&#8211; 6 hosomaki z tu\u0144czykiem<br \/>\n&#8211; 6 Hosomaki z oshinko<\/p>\n","protected":false},"excerpt":{"rendered":"<p>&#8216;- 6 nigiri: seriola, dorada<br \/>\n&#8211; 6 gunkany; tatar z \u0142ososia, pikantna sa\u0142atka z tu\u0144czyka ii mango<br \/>\n&#8211; 6 futomaki tatar z tu\u0144czyka<br \/>\n&#8211; 6 futomaki w\u0119gorz w tempurze<br \/>\n&#8211; 6 futomaki pieczony \u0142oso\u015b z jalapeno<br \/>\n&#8211; 5 California fusion crazy maki<br \/>\n&#8211; 5 California fusion dragon maki<br \/>\n&#8211; 6 hosomaki z \u0142ososiem<br \/>\n&#8211; 6 hosomaki z tu\u0144czykiem<br \/>\n&#8211; 6 Hosomaki z oshinko<\/p>\n","protected":false},"featured_media":2203,"template":"","meta":{"_acf_changed":false},"product_brand":[],"product_cat":[43],"product_tag":[],"class_list":{"0":"post-2168","1":"product","2":"type-product","3":"status-publish","4":"has-post-thumbnail","6":"product_cat-zestawy-sushi","8":"first","9":"instock","10":"shipping-taxable","11":"purchasable","12":"product-type-variable"},"acf":[],"_links":{"self":[{"href":"https:\/\/panrest.com\/izumi-sushi-plac-zbawiciela\/wp-json\/wp\/v2\/product\/2168","targetHints":{"allow":["GET"]}}],"collection":[{"href":"https:\/\/panrest.com\/izumi-sushi-plac-zbawiciela\/wp-json\/wp\/v2\/product"}],"about":[{"href":"https:\/\/panrest.com\/izumi-sushi-plac-zbawiciela\/wp-json\/wp\/v2\/types\/product"}],"wp:featuredmedia":[{"embeddable":true,"href":"https:\/\/panrest.com\/izumi-sushi-plac-zbawiciela\/wp-json\/wp\/v2\/media\/2203"}],"wp:attachment":[{"href":"https:\/\/panrest.com\/izumi-sushi-plac-zbawiciela\/wp-json\/wp\/v2\/media?parent=2168"}],"wp:term":[{"taxonomy":"product_brand","embeddable":true,"href":"https:\/\/panrest.com\/izumi-sushi-plac-zbawiciela\/wp-json\/wp\/v2\/product_brand?post=2168"},{"taxonomy":"product_cat","embeddable":true,"href":"https:\/\/panrest.com\/izumi-sushi-plac-zbawiciela\/wp-json\/wp\/v2\/product_cat?post=2168"},{"taxonomy":"product_tag","embeddable":true,"href":"https:\/\/panrest.com\/izumi-sushi-plac-zbawiciela\/wp-json\/wp\/v2\/product_tag?post=2168"}],"curies":[{"name":"wp","href":"https:\/\/api.w.org\/{rel}","templated":true}]}}