{"id":2166,"date":"2025-04-09T12:02:42","date_gmt":"2025-04-09T10:02:42","guid":{"rendered":"https:\/\/panrest.com\/izumi-sushi-plac-zbawiciela\/?post_type=product&#038;p=2166"},"modified":"2025-04-09T12:04:59","modified_gmt":"2025-04-09T10:04:59","slug":"momo-sushi-set-53-szt-53-pcs","status":"publish","type":"product","link":"https:\/\/panrest.com\/izumi-sushi-plac-zbawiciela\/produkt\/momo-sushi-set-53-szt-53-pcs\/","title":{"rendered":"MOMO SUSHI SET 53 SZT. \/ 53 PCS"},"content":{"rendered":"<p>&#8216;- Sashimi: \u00a0tu\u0144czyk 4 szt, \u0142oso\u015b 4 szt, serinlla 3 szt.<br \/>\n&#8211; 4 nigiri: tu\u0144czyk, dorada<br \/>\n&#8211; 4 gunkan: tatar z \u0142ososia, tatar z tu\u0144czyka,<br \/>\n&#8211; 6 futomaki pikantna seriola z mi\u0119t\u0105<br \/>\n&#8211; 6 futomaki siekane toro z shiso<br \/>\n&#8211; 6 futomaki pieczony w\u0119gorz z tamgo i tobikko<br \/>\n&#8211; 5 California tamago \u0142oso\u015b panko<br \/>\n&#8211; 5 California fusion \u0142oso\u015b z marynowan\u0105 trufl\u0105<br \/>\n&#8211; 6 Hosomaki tatar z \u0142ososia w tempurze<\/p>\n","protected":false},"excerpt":{"rendered":"<p>&#8216;- Sashimi: \u00a0tu\u0144czyk 4 szt, \u0142oso\u015b 4 szt, serinlla 3 szt.<br \/>\n&#8211; 4 nigiri: tu\u0144czyk, dorada<br \/>\n&#8211; 4 gunkan: tatar z \u0142ososia, tatar z tu\u0144czyka,<br \/>\n&#8211; 6 futomaki pikantna seriola z mi\u0119t\u0105<br \/>\n&#8211; 6 futomaki siekane toro z shiso<br \/>\n&#8211; 6 futomaki pieczony w\u0119gorz z tamgo i tobikko<br \/>\n&#8211; 5 California tamago \u0142oso\u015b panko<br \/>\n&#8211; 5 California fusion \u0142oso\u015b z marynowan\u0105 trufl\u0105<br \/>\n&#8211; 6 Hosomaki tatar z \u0142ososia w tempurze<\/p>\n","protected":false},"featured_media":2203,"template":"","meta":{"_acf_changed":false},"product_brand":[],"product_cat":[43],"product_tag":[],"class_list":{"0":"post-2166","1":"product","2":"type-product","3":"status-publish","4":"has-post-thumbnail","6":"product_cat-zestawy-sushi","8":"first","9":"instock","10":"shipping-taxable","11":"purchasable","12":"product-type-variable"},"acf":[],"_links":{"self":[{"href":"https:\/\/panrest.com\/izumi-sushi-plac-zbawiciela\/wp-json\/wp\/v2\/product\/2166","targetHints":{"allow":["GET"]}}],"collection":[{"href":"https:\/\/panrest.com\/izumi-sushi-plac-zbawiciela\/wp-json\/wp\/v2\/product"}],"about":[{"href":"https:\/\/panrest.com\/izumi-sushi-plac-zbawiciela\/wp-json\/wp\/v2\/types\/product"}],"wp:featuredmedia":[{"embeddable":true,"href":"https:\/\/panrest.com\/izumi-sushi-plac-zbawiciela\/wp-json\/wp\/v2\/media\/2203"}],"wp:attachment":[{"href":"https:\/\/panrest.com\/izumi-sushi-plac-zbawiciela\/wp-json\/wp\/v2\/media?parent=2166"}],"wp:term":[{"taxonomy":"product_brand","embeddable":true,"href":"https:\/\/panrest.com\/izumi-sushi-plac-zbawiciela\/wp-json\/wp\/v2\/product_brand?post=2166"},{"taxonomy":"product_cat","embeddable":true,"href":"https:\/\/panrest.com\/izumi-sushi-plac-zbawiciela\/wp-json\/wp\/v2\/product_cat?post=2166"},{"taxonomy":"product_tag","embeddable":true,"href":"https:\/\/panrest.com\/izumi-sushi-plac-zbawiciela\/wp-json\/wp\/v2\/product_tag?post=2166"}],"curies":[{"name":"wp","href":"https:\/\/api.w.org\/{rel}","templated":true}]}}