{"id":2158,"date":"2025-04-09T12:02:18","date_gmt":"2025-04-09T10:02:18","guid":{"rendered":"https:\/\/panrest.com\/izumi-sushi-plac-zbawiciela\/?post_type=product&#038;p=2158"},"modified":"2025-04-09T12:04:59","modified_gmt":"2025-04-09T10:04:59","slug":"ume-sushi-set-41-szt-41-pcs","status":"publish","type":"product","link":"https:\/\/panrest.com\/izumi-sushi-plac-zbawiciela\/produkt\/ume-sushi-set-41-szt-41-pcs\/","title":{"rendered":"UME SUSHI SET 41 SZT. \/ 41 PCS"},"content":{"rendered":"<p>&#8216;- 10 nigiri: tu\u0144czyk, seriola, \u0142oso\u015b, toro, makrela<br \/>\n&#8211; 6 futomaki pikantny mix w p\u0142atku (\u0142oso\u015b, tu\u0144czyk)<br \/>\n&#8211; 5 California fusion dragon maki<br \/>\n&#8211; 5 California fusion \u0142oso\u015b z marynowan\u0105 trufl\u0105<br \/>\n&#8211; 5 California fusion seriola roll<br \/>\n&#8211; 5 California fusion gyutataki roll<br \/>\n&#8211; 5 California fusion chrupi\u0105cy w\u0119gorz sashimi roll<\/p>\n","protected":false},"excerpt":{"rendered":"<p>&#8216;- 10 nigiri: tu\u0144czyk, seriola, \u0142oso\u015b, toro, makrela<br \/>\n&#8211; 6 futomaki pikantny mix w p\u0142atku (\u0142oso\u015b, tu\u0144czyk)<br \/>\n&#8211; 5 California fusion dragon maki<br \/>\n&#8211; 5 California fusion \u0142oso\u015b z marynowan\u0105 trufl\u0105<br \/>\n&#8211; 5 California fusion seriola roll<br \/>\n&#8211; 5 California fusion gyutataki roll<br \/>\n&#8211; 5 California fusion chrupi\u0105cy w\u0119gorz sashimi roll<\/p>\n","protected":false},"featured_media":2203,"template":"","meta":{"_acf_changed":false},"product_brand":[],"product_cat":[43],"product_tag":[],"class_list":{"0":"post-2158","1":"product","2":"type-product","3":"status-publish","4":"has-post-thumbnail","6":"product_cat-zestawy-sushi","8":"first","9":"instock","10":"shipping-taxable","11":"purchasable","12":"product-type-variable"},"acf":[],"_links":{"self":[{"href":"https:\/\/panrest.com\/izumi-sushi-plac-zbawiciela\/wp-json\/wp\/v2\/product\/2158","targetHints":{"allow":["GET"]}}],"collection":[{"href":"https:\/\/panrest.com\/izumi-sushi-plac-zbawiciela\/wp-json\/wp\/v2\/product"}],"about":[{"href":"https:\/\/panrest.com\/izumi-sushi-plac-zbawiciela\/wp-json\/wp\/v2\/types\/product"}],"wp:featuredmedia":[{"embeddable":true,"href":"https:\/\/panrest.com\/izumi-sushi-plac-zbawiciela\/wp-json\/wp\/v2\/media\/2203"}],"wp:attachment":[{"href":"https:\/\/panrest.com\/izumi-sushi-plac-zbawiciela\/wp-json\/wp\/v2\/media?parent=2158"}],"wp:term":[{"taxonomy":"product_brand","embeddable":true,"href":"https:\/\/panrest.com\/izumi-sushi-plac-zbawiciela\/wp-json\/wp\/v2\/product_brand?post=2158"},{"taxonomy":"product_cat","embeddable":true,"href":"https:\/\/panrest.com\/izumi-sushi-plac-zbawiciela\/wp-json\/wp\/v2\/product_cat?post=2158"},{"taxonomy":"product_tag","embeddable":true,"href":"https:\/\/panrest.com\/izumi-sushi-plac-zbawiciela\/wp-json\/wp\/v2\/product_tag?post=2158"}],"curies":[{"name":"wp","href":"https:\/\/api.w.org\/{rel}","templated":true}]}}