{"id":2151,"date":"2025-04-09T12:01:48","date_gmt":"2025-04-09T10:01:48","guid":{"rendered":"https:\/\/panrest.com\/izumi-sushi-plac-zbawiciela\/?post_type=product&#038;p=2151"},"modified":"2025-04-09T12:04:25","modified_gmt":"2025-04-09T10:04:25","slug":"hoso-lovers-set-24-szt-24-pcs","status":"publish","type":"product","link":"https:\/\/panrest.com\/izumi-sushi-plac-zbawiciela\/produkt\/hoso-lovers-set-24-szt-24-pcs\/","title":{"rendered":"Hoso lovers set 24 szt. \/ 24 pcs"},"content":{"rendered":"<p><strong>&#8211; 24 Hosomaki: tu\u0144czyk bluefin, \u0142oso\u015b, tykwa, awokado, oshinko, og\u00f3rek \/ 24 hosomaki: tuna, salmon, gourd, avocado, oshinko, cucumber<\/strong><\/p>\n","protected":false},"excerpt":{"rendered":"<p><strong>&#8211; 24 Hosomaki: tu\u0144czyk bluefin, \u0142oso\u015b, tykwa, awokado, oshinko, og\u00f3rek \/ 24 hosomaki: tuna, salmon, gourd, avocado, oshinko, cucumber<\/strong><\/p>\n","protected":false},"featured_media":2199,"template":"","meta":{"_acf_changed":false},"product_brand":[],"product_cat":[43],"product_tag":[],"class_list":{"0":"post-2151","1":"product","2":"type-product","3":"status-publish","4":"has-post-thumbnail","6":"product_cat-zestawy-sushi","8":"first","9":"instock","10":"shipping-taxable","11":"purchasable","12":"product-type-variable"},"acf":[],"_links":{"self":[{"href":"https:\/\/panrest.com\/izumi-sushi-plac-zbawiciela\/wp-json\/wp\/v2\/product\/2151","targetHints":{"allow":["GET"]}}],"collection":[{"href":"https:\/\/panrest.com\/izumi-sushi-plac-zbawiciela\/wp-json\/wp\/v2\/product"}],"about":[{"href":"https:\/\/panrest.com\/izumi-sushi-plac-zbawiciela\/wp-json\/wp\/v2\/types\/product"}],"wp:featuredmedia":[{"embeddable":true,"href":"https:\/\/panrest.com\/izumi-sushi-plac-zbawiciela\/wp-json\/wp\/v2\/media\/2199"}],"wp:attachment":[{"href":"https:\/\/panrest.com\/izumi-sushi-plac-zbawiciela\/wp-json\/wp\/v2\/media?parent=2151"}],"wp:term":[{"taxonomy":"product_brand","embeddable":true,"href":"https:\/\/panrest.com\/izumi-sushi-plac-zbawiciela\/wp-json\/wp\/v2\/product_brand?post=2151"},{"taxonomy":"product_cat","embeddable":true,"href":"https:\/\/panrest.com\/izumi-sushi-plac-zbawiciela\/wp-json\/wp\/v2\/product_cat?post=2151"},{"taxonomy":"product_tag","embeddable":true,"href":"https:\/\/panrest.com\/izumi-sushi-plac-zbawiciela\/wp-json\/wp\/v2\/product_tag?post=2151"}],"curies":[{"name":"wp","href":"https:\/\/api.w.org\/{rel}","templated":true}]}}