{"id":2025,"date":"2025-04-09T11:57:54","date_gmt":"2025-04-09T09:57:54","guid":{"rendered":"https:\/\/panrest.com\/izumi-sushi-plac-zbawiciela\/?post_type=product&#038;p=2025"},"modified":"2025-04-09T11:59:22","modified_gmt":"2025-04-09T09:59:22","slug":"sashimi-duze-24-plasterkow-8-gatunkow-ryb-i-owocow-morza","status":"publish","type":"product","link":"https:\/\/panrest.com\/izumi-sushi-plac-zbawiciela\/produkt\/sashimi-duze-24-plasterkow-8-gatunkow-ryb-i-owocow-morza\/","title":{"rendered":"Sashimi du\u017ce 24 plasterk\u00f3w 8 gatunk\u00f3w ryb i owoc\u00f3w morza"},"content":{"rendered":"<p><strong>Big sashimi &#8211; 24 slices<\/strong><br \/>\n<strong>8 different fish and seafood<\/strong><\/p>\n","protected":false},"excerpt":{"rendered":"<p><strong>Big sashimi &#8211; 24 slices<\/strong><br \/>\n<strong>8 different fish and seafood<\/strong><\/p>\n","protected":false},"featured_media":2072,"template":"","meta":{"_acf_changed":false},"product_brand":[],"product_cat":[60],"product_tag":[],"class_list":{"0":"post-2025","1":"product","2":"type-product","3":"status-publish","4":"has-post-thumbnail","6":"product_cat-tradycyjne-sashimi","8":"first","9":"instock","10":"shipping-taxable","11":"purchasable","12":"product-type-simple"},"acf":[],"_links":{"self":[{"href":"https:\/\/panrest.com\/izumi-sushi-plac-zbawiciela\/wp-json\/wp\/v2\/product\/2025","targetHints":{"allow":["GET"]}}],"collection":[{"href":"https:\/\/panrest.com\/izumi-sushi-plac-zbawiciela\/wp-json\/wp\/v2\/product"}],"about":[{"href":"https:\/\/panrest.com\/izumi-sushi-plac-zbawiciela\/wp-json\/wp\/v2\/types\/product"}],"wp:featuredmedia":[{"embeddable":true,"href":"https:\/\/panrest.com\/izumi-sushi-plac-zbawiciela\/wp-json\/wp\/v2\/media\/2072"}],"wp:attachment":[{"href":"https:\/\/panrest.com\/izumi-sushi-plac-zbawiciela\/wp-json\/wp\/v2\/media?parent=2025"}],"wp:term":[{"taxonomy":"product_brand","embeddable":true,"href":"https:\/\/panrest.com\/izumi-sushi-plac-zbawiciela\/wp-json\/wp\/v2\/product_brand?post=2025"},{"taxonomy":"product_cat","embeddable":true,"href":"https:\/\/panrest.com\/izumi-sushi-plac-zbawiciela\/wp-json\/wp\/v2\/product_cat?post=2025"},{"taxonomy":"product_tag","embeddable":true,"href":"https:\/\/panrest.com\/izumi-sushi-plac-zbawiciela\/wp-json\/wp\/v2\/product_tag?post=2025"}],"curies":[{"name":"wp","href":"https:\/\/api.w.org\/{rel}","templated":true}]}}