{"id":2013,"date":"2025-04-09T11:57:25","date_gmt":"2025-04-09T09:57:25","guid":{"rendered":"https:\/\/panrest.com\/izumi-sushi-plac-zbawiciela\/?post_type=product&#038;p=2013"},"modified":"2025-04-09T11:59:15","modified_gmt":"2025-04-09T09:59:15","slug":"sashimi-male-12-plasterkow-4-gatunki-ryb-i-owocow-morza","status":"publish","type":"product","link":"https:\/\/panrest.com\/izumi-sushi-plac-zbawiciela\/produkt\/sashimi-male-12-plasterkow-4-gatunki-ryb-i-owocow-morza\/","title":{"rendered":"Sashimi ma\u0142e &#8211; 12 plasterk\u00f3w 4 gatunki ryb i owoc\u00f3w morza"},"content":{"rendered":"<p><strong>Small sashimi &#8211; 12 slices<\/strong><br \/>\n<strong>4 different fish and seafood<\/strong><\/p>\n","protected":false},"excerpt":{"rendered":"<p><strong>Small sashimi &#8211; 12 slices<\/strong><br \/>\n<strong>4 different fish and seafood<\/strong><\/p>\n","protected":false},"featured_media":2069,"template":"","meta":{"_acf_changed":false},"product_brand":[],"product_cat":[60],"product_tag":[],"class_list":{"0":"post-2013","1":"product","2":"type-product","3":"status-publish","4":"has-post-thumbnail","6":"product_cat-tradycyjne-sashimi","8":"first","9":"instock","10":"shipping-taxable","11":"purchasable","12":"product-type-simple"},"acf":[],"_links":{"self":[{"href":"https:\/\/panrest.com\/izumi-sushi-plac-zbawiciela\/wp-json\/wp\/v2\/product\/2013","targetHints":{"allow":["GET"]}}],"collection":[{"href":"https:\/\/panrest.com\/izumi-sushi-plac-zbawiciela\/wp-json\/wp\/v2\/product"}],"about":[{"href":"https:\/\/panrest.com\/izumi-sushi-plac-zbawiciela\/wp-json\/wp\/v2\/types\/product"}],"wp:featuredmedia":[{"embeddable":true,"href":"https:\/\/panrest.com\/izumi-sushi-plac-zbawiciela\/wp-json\/wp\/v2\/media\/2069"}],"wp:attachment":[{"href":"https:\/\/panrest.com\/izumi-sushi-plac-zbawiciela\/wp-json\/wp\/v2\/media?parent=2013"}],"wp:term":[{"taxonomy":"product_brand","embeddable":true,"href":"https:\/\/panrest.com\/izumi-sushi-plac-zbawiciela\/wp-json\/wp\/v2\/product_brand?post=2013"},{"taxonomy":"product_cat","embeddable":true,"href":"https:\/\/panrest.com\/izumi-sushi-plac-zbawiciela\/wp-json\/wp\/v2\/product_cat?post=2013"},{"taxonomy":"product_tag","embeddable":true,"href":"https:\/\/panrest.com\/izumi-sushi-plac-zbawiciela\/wp-json\/wp\/v2\/product_tag?post=2013"}],"curies":[{"name":"wp","href":"https:\/\/api.w.org\/{rel}","templated":true}]}}