{"id":2010,"date":"2025-04-09T11:57:22","date_gmt":"2025-04-09T09:57:22","guid":{"rendered":"https:\/\/panrest.com\/izumi-sushi-plac-zbawiciela\/?post_type=product&#038;p=2010"},"modified":"2025-04-09T11:59:08","modified_gmt":"2025-04-09T09:59:08","slug":"fusion-sashimi-z-3-ryb-losos-tunczyk-seriola","status":"publish","type":"product","link":"https:\/\/panrest.com\/izumi-sushi-plac-zbawiciela\/produkt\/fusion-sashimi-z-3-ryb-losos-tunczyk-seriola\/","title":{"rendered":"Fusion sashimi z 3 ryb (\u0142oso\u015b, tu\u0144czyk, seriola)"},"content":{"rendered":"<p><strong>Fusion sashimi &#8211; 3 different fish (salmon, tuna, yellowtail)<\/strong><\/p>\n","protected":false},"excerpt":{"rendered":"<p><strong>Fusion sashimi &#8211; 3 different fish (salmon, tuna, yellowtail)<\/strong><\/p>\n","protected":false},"featured_media":2066,"template":"","meta":{"_acf_changed":false},"product_brand":[],"product_cat":[59],"product_tag":[],"class_list":{"0":"post-2010","1":"product","2":"type-product","3":"status-publish","4":"has-post-thumbnail","6":"product_cat-fusion-sashimi","8":"first","9":"instock","10":"shipping-taxable","11":"purchasable","12":"product-type-simple"},"acf":[],"_links":{"self":[{"href":"https:\/\/panrest.com\/izumi-sushi-plac-zbawiciela\/wp-json\/wp\/v2\/product\/2010","targetHints":{"allow":["GET"]}}],"collection":[{"href":"https:\/\/panrest.com\/izumi-sushi-plac-zbawiciela\/wp-json\/wp\/v2\/product"}],"about":[{"href":"https:\/\/panrest.com\/izumi-sushi-plac-zbawiciela\/wp-json\/wp\/v2\/types\/product"}],"wp:featuredmedia":[{"embeddable":true,"href":"https:\/\/panrest.com\/izumi-sushi-plac-zbawiciela\/wp-json\/wp\/v2\/media\/2066"}],"wp:attachment":[{"href":"https:\/\/panrest.com\/izumi-sushi-plac-zbawiciela\/wp-json\/wp\/v2\/media?parent=2010"}],"wp:term":[{"taxonomy":"product_brand","embeddable":true,"href":"https:\/\/panrest.com\/izumi-sushi-plac-zbawiciela\/wp-json\/wp\/v2\/product_brand?post=2010"},{"taxonomy":"product_cat","embeddable":true,"href":"https:\/\/panrest.com\/izumi-sushi-plac-zbawiciela\/wp-json\/wp\/v2\/product_cat?post=2010"},{"taxonomy":"product_tag","embeddable":true,"href":"https:\/\/panrest.com\/izumi-sushi-plac-zbawiciela\/wp-json\/wp\/v2\/product_tag?post=2010"}],"curies":[{"name":"wp","href":"https:\/\/api.w.org\/{rel}","templated":true}]}}