{"id":1978,"date":"2025-04-09T11:56:21","date_gmt":"2025-04-09T09:56:21","guid":{"rendered":"https:\/\/panrest.com\/izumi-sushi-plac-zbawiciela\/?post_type=product&#038;p=1978"},"modified":"2025-04-09T11:58:04","modified_gmt":"2025-04-09T09:58:04","slug":"california-uramaki-dragon-maki-pieczony-losos-zawijany-w-wegorza-i-awokado-5-szt","status":"publish","type":"product","link":"https:\/\/panrest.com\/izumi-sushi-plac-zbawiciela\/produkt\/california-uramaki-dragon-maki-pieczony-losos-zawijany-w-wegorza-i-awokado-5-szt\/","title":{"rendered":"California Uramaki Dragon maki &#8211; pieczony \u0142oso\u015b zawijany w w\u0119gorza i awokado (5 szt.)"},"content":{"rendered":"<p><strong>Dragon maki &#8211; baked salmon wrapped in eel &amp; avocado (5 pcs)<\/strong><\/p>\n","protected":false},"excerpt":{"rendered":"<p><strong>Dragon maki &#8211; baked salmon wrapped in eel &amp; avocado (5 pcs)<\/strong><\/p>\n","protected":false},"featured_media":2032,"template":"","meta":{"_acf_changed":false},"product_brand":[],"product_cat":[55],"product_tag":[],"class_list":{"0":"post-1978","1":"product","2":"type-product","3":"status-publish","4":"has-post-thumbnail","6":"product_cat-fusion-uramaki","8":"first","9":"instock","10":"purchasable","11":"product-type-simple"},"acf":[],"_links":{"self":[{"href":"https:\/\/panrest.com\/izumi-sushi-plac-zbawiciela\/wp-json\/wp\/v2\/product\/1978","targetHints":{"allow":["GET"]}}],"collection":[{"href":"https:\/\/panrest.com\/izumi-sushi-plac-zbawiciela\/wp-json\/wp\/v2\/product"}],"about":[{"href":"https:\/\/panrest.com\/izumi-sushi-plac-zbawiciela\/wp-json\/wp\/v2\/types\/product"}],"wp:featuredmedia":[{"embeddable":true,"href":"https:\/\/panrest.com\/izumi-sushi-plac-zbawiciela\/wp-json\/wp\/v2\/media\/2032"}],"wp:attachment":[{"href":"https:\/\/panrest.com\/izumi-sushi-plac-zbawiciela\/wp-json\/wp\/v2\/media?parent=1978"}],"wp:term":[{"taxonomy":"product_brand","embeddable":true,"href":"https:\/\/panrest.com\/izumi-sushi-plac-zbawiciela\/wp-json\/wp\/v2\/product_brand?post=1978"},{"taxonomy":"product_cat","embeddable":true,"href":"https:\/\/panrest.com\/izumi-sushi-plac-zbawiciela\/wp-json\/wp\/v2\/product_cat?post=1978"},{"taxonomy":"product_tag","embeddable":true,"href":"https:\/\/panrest.com\/izumi-sushi-plac-zbawiciela\/wp-json\/wp\/v2\/product_tag?post=1978"}],"curies":[{"name":"wp","href":"https:\/\/api.w.org\/{rel}","templated":true}]}}