{"id":1873,"date":"2025-04-09T11:53:15","date_gmt":"2025-04-09T09:53:15","guid":{"rendered":"https:\/\/panrest.com\/izumi-sushi-plac-zbawiciela\/?post_type=product&#038;p=1873"},"modified":"2025-04-09T11:54:41","modified_gmt":"2025-04-09T09:54:41","slug":"salatka-z-chrupiaca-skorka-lososia-i-awokado","status":"publish","type":"product","link":"https:\/\/panrest.com\/izumi-sushi-plac-zbawiciela\/produkt\/salatka-z-chrupiaca-skorka-lososia-i-awokado\/","title":{"rendered":"Sa\u0142atka z chrupi\u0105c\u0105 sk\u00f3rk\u0105 \u0142ososia i awokado"},"content":{"rendered":"<p><strong>Crunchy salmon skin &amp; avocado salad<\/strong><\/p>\n","protected":false},"excerpt":{"rendered":"<p><strong>Crunchy salmon skin &amp; avocado salad<\/strong><\/p>\n","protected":false},"featured_media":1920,"template":"","meta":{"_acf_changed":false},"product_brand":[],"product_cat":[47],"product_tag":[],"class_list":{"0":"post-1873","1":"product","2":"type-product","3":"status-publish","4":"has-post-thumbnail","6":"product_cat-salaty","8":"first","9":"instock","10":"purchasable","11":"product-type-simple"},"acf":[],"_links":{"self":[{"href":"https:\/\/panrest.com\/izumi-sushi-plac-zbawiciela\/wp-json\/wp\/v2\/product\/1873","targetHints":{"allow":["GET"]}}],"collection":[{"href":"https:\/\/panrest.com\/izumi-sushi-plac-zbawiciela\/wp-json\/wp\/v2\/product"}],"about":[{"href":"https:\/\/panrest.com\/izumi-sushi-plac-zbawiciela\/wp-json\/wp\/v2\/types\/product"}],"wp:featuredmedia":[{"embeddable":true,"href":"https:\/\/panrest.com\/izumi-sushi-plac-zbawiciela\/wp-json\/wp\/v2\/media\/1920"}],"wp:attachment":[{"href":"https:\/\/panrest.com\/izumi-sushi-plac-zbawiciela\/wp-json\/wp\/v2\/media?parent=1873"}],"wp:term":[{"taxonomy":"product_brand","embeddable":true,"href":"https:\/\/panrest.com\/izumi-sushi-plac-zbawiciela\/wp-json\/wp\/v2\/product_brand?post=1873"},{"taxonomy":"product_cat","embeddable":true,"href":"https:\/\/panrest.com\/izumi-sushi-plac-zbawiciela\/wp-json\/wp\/v2\/product_cat?post=1873"},{"taxonomy":"product_tag","embeddable":true,"href":"https:\/\/panrest.com\/izumi-sushi-plac-zbawiciela\/wp-json\/wp\/v2\/product_tag?post=1873"}],"curies":[{"name":"wp","href":"https:\/\/api.w.org\/{rel}","templated":true}]}}