{"id":2520,"date":"2025-01-09T12:30:10","date_gmt":"2025-01-09T11:30:10","guid":{"rendered":"https:\/\/panrest.com\/amttipizza\/?post_type=product&#038;p=2520"},"modified":"2025-06-27T10:49:18","modified_gmt":"2025-06-27T08:49:18","slug":"plburatta-piccante","status":"publish","type":"product","link":"https:\/\/panrest.com\/amttipizza\/produkt\/plburatta-piccante\/","title":{"rendered":"Buratta Piccante"},"content":{"rendered":"<p>pomidory San Marzano DOP,<\/p>\n<p>spianata pikantne, nduja pikantne,<\/p>\n<p>buratta (spr\u0119\u017cysta mozzarella,<\/p>\n<p>wype\u0142niona kremow\u0105 \u015bmiatank\u0105), czosnek<\/p>\n","protected":false},"excerpt":{"rendered":"<p>pomidory San Marzano DOP,<\/p>\n<p>spianata pikantne, nduja pikantne,<\/p>\n<p>buratta (spr\u0119\u017cysta mozzarella,<\/p>\n<p>wype\u0142niona kremow\u0105 \u015bmiatank\u0105), czosnek<\/p>\n","protected":false},"featured_media":2536,"template":"","meta":{"_acf_changed":false},"product_brand":[],"product_cat":[46],"product_tag":[],"class_list":{"0":"post-2520","1":"product","2":"type-product","3":"status-publish","4":"has-post-thumbnail","6":"product_cat-pizza","8":"first","9":"instock","10":"shipping-taxable","11":"purchasable","12":"product-type-simple"},"acf":[],"_links":{"self":[{"href":"https:\/\/panrest.com\/amttipizza\/wp-json\/wp\/v2\/product\/2520","targetHints":{"allow":["GET"]}}],"collection":[{"href":"https:\/\/panrest.com\/amttipizza\/wp-json\/wp\/v2\/product"}],"about":[{"href":"https:\/\/panrest.com\/amttipizza\/wp-json\/wp\/v2\/types\/product"}],"wp:featuredmedia":[{"embeddable":true,"href":"https:\/\/panrest.com\/amttipizza\/wp-json\/wp\/v2\/media\/2536"}],"wp:attachment":[{"href":"https:\/\/panrest.com\/amttipizza\/wp-json\/wp\/v2\/media?parent=2520"}],"wp:term":[{"taxonomy":"product_brand","embeddable":true,"href":"https:\/\/panrest.com\/amttipizza\/wp-json\/wp\/v2\/product_brand?post=2520"},{"taxonomy":"product_cat","embeddable":true,"href":"https:\/\/panrest.com\/amttipizza\/wp-json\/wp\/v2\/product_cat?post=2520"},{"taxonomy":"product_tag","embeddable":true,"href":"https:\/\/panrest.com\/amttipizza\/wp-json\/wp\/v2\/product_tag?post=2520"}],"curies":[{"name":"wp","href":"https:\/\/api.w.org\/{rel}","templated":true}]}}