{"id":2519,"date":"2025-01-09T12:30:09","date_gmt":"2025-01-09T11:30:09","guid":{"rendered":"https:\/\/panrest.com\/amttipizza\/?post_type=product&#038;p=2519"},"modified":"2025-06-27T10:48:42","modified_gmt":"2025-06-27T08:48:42","slug":"pl-cztery-miesa","status":"publish","type":"product","link":"https:\/\/panrest.com\/amttipizza\/produkt\/pl-cztery-miesa\/","title":{"rendered":"Cztery Mi\u0119sa"},"content":{"rendered":"<p>pomidory San Marzano DOP,<\/p>\n<p>mozzarella fior di latte,<\/p>\n<p>prosciutto cotto (w\u0142oska szynka gotowana),<\/p>\n<p>salami Napoli, salami pikantne spianata,<\/p>\n<p>w\u0142oska bia\u0142a kie\u0142basa, Grana Padano, \u015bwie\u017ca bazylia<\/p>\n","protected":false},"excerpt":{"rendered":"<p>pomidory San Marzano DOP,<\/p>\n<p>mozzarella fior di latte,<\/p>\n<p>prosciutto cotto (w\u0142oska szynka gotowana),<\/p>\n<p>salami Napoli, salami pikantne spianata,<\/p>\n<p>w\u0142oska bia\u0142a kie\u0142basa, Grana Padano, \u015bwie\u017ca bazylia<\/p>\n","protected":false},"featured_media":2535,"template":"","meta":{"_acf_changed":false},"product_brand":[],"product_cat":[46],"product_tag":[],"class_list":{"0":"post-2519","1":"product","2":"type-product","3":"status-publish","4":"has-post-thumbnail","6":"product_cat-pizza","8":"first","9":"instock","10":"shipping-taxable","11":"purchasable","12":"product-type-simple"},"acf":[],"_links":{"self":[{"href":"https:\/\/panrest.com\/amttipizza\/wp-json\/wp\/v2\/product\/2519","targetHints":{"allow":["GET"]}}],"collection":[{"href":"https:\/\/panrest.com\/amttipizza\/wp-json\/wp\/v2\/product"}],"about":[{"href":"https:\/\/panrest.com\/amttipizza\/wp-json\/wp\/v2\/types\/product"}],"wp:featuredmedia":[{"embeddable":true,"href":"https:\/\/panrest.com\/amttipizza\/wp-json\/wp\/v2\/media\/2535"}],"wp:attachment":[{"href":"https:\/\/panrest.com\/amttipizza\/wp-json\/wp\/v2\/media?parent=2519"}],"wp:term":[{"taxonomy":"product_brand","embeddable":true,"href":"https:\/\/panrest.com\/amttipizza\/wp-json\/wp\/v2\/product_brand?post=2519"},{"taxonomy":"product_cat","embeddable":true,"href":"https:\/\/panrest.com\/amttipizza\/wp-json\/wp\/v2\/product_cat?post=2519"},{"taxonomy":"product_tag","embeddable":true,"href":"https:\/\/panrest.com\/amttipizza\/wp-json\/wp\/v2\/product_tag?post=2519"}],"curies":[{"name":"wp","href":"https:\/\/api.w.org\/{rel}","templated":true}]}}