{"id":1981,"date":"2025-01-09T12:19:38","date_gmt":"2025-01-09T11:19:38","guid":{"rendered":"https:\/\/panrest.com\/amttipizza\/?post_type=product&#038;p=1981"},"modified":"2025-06-27T10:47:26","modified_gmt":"2025-06-27T08:47:26","slug":"plprosciutto-e-funghienscamorza-affumicata-kopia","status":"publish","type":"product","link":"https:\/\/panrest.com\/amttipizza\/produkt\/plprosciutto-e-funghienscamorza-affumicata-kopia\/","title":{"rendered":"Prosciutto e Funghi"},"content":{"rendered":"<p>pomidory San Marzano DOP,<\/p>\n<p>mozzarella fior di latte, prosciutto cotto (w\u0142oska szynka gotowana),<\/p>\n<p>pieczarki sma\u017cone, Grana Padano, \u015bwie\u017ca bazylia<\/p>\n","protected":false},"excerpt":{"rendered":"<p>pomidory San Marzano DOP,<\/p>\n<p>mozzarella fior di latte, prosciutto cotto (w\u0142oska szynka gotowana),<\/p>\n<p>pieczarki sma\u017cone, Grana Padano, \u015bwie\u017ca bazylia<\/p>\n","protected":false},"featured_media":1997,"template":"","meta":{"_acf_changed":false},"product_brand":[],"product_cat":[46],"product_tag":[],"class_list":{"0":"post-1981","1":"product","2":"type-product","3":"status-publish","4":"has-post-thumbnail","6":"product_cat-pizza","8":"first","9":"instock","10":"shipping-taxable","11":"purchasable","12":"product-type-simple"},"acf":[],"_links":{"self":[{"href":"https:\/\/panrest.com\/amttipizza\/wp-json\/wp\/v2\/product\/1981","targetHints":{"allow":["GET"]}}],"collection":[{"href":"https:\/\/panrest.com\/amttipizza\/wp-json\/wp\/v2\/product"}],"about":[{"href":"https:\/\/panrest.com\/amttipizza\/wp-json\/wp\/v2\/types\/product"}],"wp:featuredmedia":[{"embeddable":true,"href":"https:\/\/panrest.com\/amttipizza\/wp-json\/wp\/v2\/media\/1997"}],"wp:attachment":[{"href":"https:\/\/panrest.com\/amttipizza\/wp-json\/wp\/v2\/media?parent=1981"}],"wp:term":[{"taxonomy":"product_brand","embeddable":true,"href":"https:\/\/panrest.com\/amttipizza\/wp-json\/wp\/v2\/product_brand?post=1981"},{"taxonomy":"product_cat","embeddable":true,"href":"https:\/\/panrest.com\/amttipizza\/wp-json\/wp\/v2\/product_cat?post=1981"},{"taxonomy":"product_tag","embeddable":true,"href":"https:\/\/panrest.com\/amttipizza\/wp-json\/wp\/v2\/product_tag?post=1981"}],"curies":[{"name":"wp","href":"https:\/\/api.w.org\/{rel}","templated":true}]}}