{"id":1723,"date":"2025-01-09T12:04:52","date_gmt":"2025-01-09T11:04:52","guid":{"rendered":"https:\/\/panrest.com\/amttipizza\/?post_type=product&#038;p=1723"},"modified":"2025-01-09T12:06:33","modified_gmt":"2025-01-09T11:06:33","slug":"wloska-biala-kielbasa","status":"publish","type":"product","link":"https:\/\/panrest.com\/amttipizza\/produkt\/wloska-biala-kielbasa\/","title":{"rendered":"w\u0142oska bia\u0142a kie\u0142basa"},"content":{"rendered":"","protected":false},"excerpt":{"rendered":"","protected":false},"featured_media":1740,"template":"","meta":{"_acf_changed":false},"product_brand":[],"product_cat":[45],"product_tag":[],"class_list":{"0":"post-1723","1":"product","2":"type-product","3":"status-publish","4":"has-post-thumbnail","6":"product_cat-dodatki-do-pizzy","8":"first","9":"instock","10":"shipping-taxable","11":"purchasable","12":"product-type-variable"},"acf":[],"_links":{"self":[{"href":"https:\/\/panrest.com\/amttipizza\/wp-json\/wp\/v2\/product\/1723","targetHints":{"allow":["GET"]}}],"collection":[{"href":"https:\/\/panrest.com\/amttipizza\/wp-json\/wp\/v2\/product"}],"about":[{"href":"https:\/\/panrest.com\/amttipizza\/wp-json\/wp\/v2\/types\/product"}],"wp:featuredmedia":[{"embeddable":true,"href":"https:\/\/panrest.com\/amttipizza\/wp-json\/wp\/v2\/media\/1740"}],"wp:attachment":[{"href":"https:\/\/panrest.com\/amttipizza\/wp-json\/wp\/v2\/media?parent=1723"}],"wp:term":[{"taxonomy":"product_brand","embeddable":true,"href":"https:\/\/panrest.com\/amttipizza\/wp-json\/wp\/v2\/product_brand?post=1723"},{"taxonomy":"product_cat","embeddable":true,"href":"https:\/\/panrest.com\/amttipizza\/wp-json\/wp\/v2\/product_cat?post=1723"},{"taxonomy":"product_tag","embeddable":true,"href":"https:\/\/panrest.com\/amttipizza\/wp-json\/wp\/v2\/product_tag?post=1723"}],"curies":[{"name":"wp","href":"https:\/\/api.w.org\/{rel}","templated":true}]}}